{"id":12230,"date":"2018-08-13T19:15:01","date_gmt":"2018-08-13T19:15:01","guid":{"rendered":"https:\/\/www.premiersecurity.com.br\/blog\/?page_id=12230"},"modified":"2018-09-18T14:22:54","modified_gmt":"2018-09-18T14:22:54","slug":"seguro-scooter","status":"publish","type":"page","link":"https:\/\/www.premiersecurity.com.br\/blog\/seguro-scooter\/","title":{"rendered":"Seguro Scooter"},"content":{"rendered":"<p><img src=\"https:\/\/www.premiersecurity.com.br\/blog\/wp-content\/uploads\/elementor\/thumbs\/logo-branco-nukqbb2xgjxwsvor12tcvf78yra3jew3z21orm41va.png\" title=\"logo-branco\" alt=\"logo-branco\" \/>\t\t\t\t\t\t\t\t\t\t\t<\/p>\n<h1>Procurando o melhor seguro<br \/>para sua Scooter?<\/h1>\n<h2>Porque na maioria das vezes conseguimos um pre\u00e7o bacana para os seguros das Scooters!?<\/h2>\n<p>Consulte e contrate o seguro de sua moto scooter, garantido por uma das maiores seguradoras do pa\u00eds e com pre\u00e7os altamente competitivos. <\/p>\n<p>Fa\u00e7a agora mesmo a sua simula\u00e7\u00e3o e contrate on line ou entre em contato conosco.\u00a0<\/p>\n<p>Ser\u00e1 um prazer sanar todas suas d\u00favidas e ajud\u00e1-lo(a) no que for preciso para contratar seu seguro.<\/p>\n<h2>Fa\u00e7a uma simula\u00e7\u00e3o do seu perfil para o seguro da sua Scooter!<\/h2>\n<h2>As Scooters que mais procuram seguros em 2018<\/h2>\n<figure><img src=\"https:\/\/www.premiersecurity.com.br\/blog\/wp-content\/uploads\/2018\/08\/honda-pcx-300x300.jpg\" alt=\"honda-pcx\" \/><\/figure>\n<figure><img src=\"https:\/\/www.premiersecurity.com.br\/blog\/wp-content\/uploads\/2018\/08\/yamaha-nmax-300x300.jpg\" alt=\"yamaha-nmax\" \/><\/figure>\n<figure><img src=\"https:\/\/www.premiersecurity.com.br\/blog\/wp-content\/uploads\/2018\/08\/yamaha-neo-125-300x300.jpg\" alt=\"yamaha-neo-125\" \/><\/figure>\n<figure><img src=\"https:\/\/www.premiersecurity.com.br\/blog\/wp-content\/uploads\/2018\/08\/Honda-SH150i-300x300.jpg\" alt=\"Honda-SH150i\" \/><\/figure>\n<figure><img src=\"https:\/\/www.premiersecurity.com.br\/blog\/wp-content\/uploads\/2018\/08\/lindy125-300x300.jpg\" alt=\"lindy125\" \/><\/figure>\n<figure><img src=\"https:\/\/www.premiersecurity.com.br\/blog\/wp-content\/uploads\/2018\/08\/citycom300-300x300.jpg\" alt=\"citycom300\" \/><\/figure>\n<h2>Oferecemos o que a sua Scooter precisa!<\/h2>\n<figure><img src=\"https:\/\/www.premiersecurity.com.br\/blog\/wp-content\/uploads\/elementor\/thumbs\/truck-nukten2pq9l99chr6fsb5gmdo37z4tm7xa6kzzm2g8.png\" title=\"truck\" alt=\"truck\" \/><\/figure>\n<h3>Assist\u00eancia 24 hrs<\/h3>\n<p>Remo\u00e7\u00e3o e assist\u00eancia <br \/>\u00e0 pane seca.<\/p>\n<figure><img loading=\"lazy\" width=\"100\" height=\"100\" src=\"https:\/\/www.premiersecurity.com.br\/blog\/wp-content\/uploads\/2018\/08\/moto.png\" alt=\"\" \/><\/figure>\n<h3>Cobertura Completa<\/h3>\n<p>Cobertura para dano parcial ou integral ocasionado \u00e0 moto por colis\u00e3o, inc\u00eandio ou roubo.<\/p>\n<figure><img loading=\"lazy\" width=\"100\" height=\"100\" src=\"https:\/\/www.premiersecurity.com.br\/blog\/wp-content\/uploads\/2018\/08\/user.png\" alt=\"\" \/><\/figure>\n<h3>Danos a Terceiros<\/h3>\n<p>Cobertura para dano parcial ou integral ocasionado \u00e0 moto por colis\u00e3o, inc\u00eandio ou roubo.<\/p>\n<figure><img loading=\"lazy\" width=\"100\" height=\"100\" src=\"https:\/\/www.premiersecurity.com.br\/blog\/wp-content\/uploads\/2018\/08\/acessorios.png\" alt=\"\" \/><\/figure>\n<h3>Cobertura para Acess\u00f3rios<\/h3>\n<p>Reembolso para despesas com capacete, luvas, botas, jaqueta, cal\u00e7a ou macac\u00e3o.*<\/p>\n<p>\t\t\t<a href=\"#simulacao\" role=\"button\"><br \/>\n\t\t\t\t\t\tFAZER SIMULA\u00c7\u00c3O<br \/>\n\t\t\t\t\t<\/a><br \/>\n\t\t\t<!-- Google Tag Manager --><br \/>\n\t<!-- Fim Google Tag Manager --><\/p>\n","protected":false},"excerpt":{"rendered":"<p>Procurando o melhor seguropara sua Scooter? Porque na maioria das vezes conseguimos um pre\u00e7o bacana para os seguros das Scooters!? Consulte e contrate o seguro de sua moto scooter, garantido por uma das maiores seguradoras do pa\u00eds e com pre\u00e7os altamente competitivos. Fa\u00e7a agora mesmo a sua simula\u00e7\u00e3o e contrate on line ou entre em [&hellip;]<\/p>\n","protected":false},"author":1,"featured_media":0,"parent":0,"menu_order":0,"comment_status":"closed","ping_status":"closed","template":"elementor_canvas","meta":[],"yoast_head":"<!-- This site is optimized with the Yoast SEO plugin v14.4.1 - https:\/\/yoast.com\/wordpress\/plugins\/seo\/ -->\n<title>Seguro Scooter - Premier Security - Blog<\/title>\n<meta name=\"robots\" content=\"index, follow\" \/>\n<meta name=\"googlebot\" content=\"index, follow, max-snippet:-1, max-image-preview:large, max-video-preview:-1\" \/>\n<meta name=\"bingbot\" content=\"index, follow, max-snippet:-1, max-image-preview:large, max-video-preview:-1\" \/>\n<link rel=\"canonical\" href=\"https:\/\/www.premiersecurity.com.br\/blog\/seguro-scooter\/\" \/>\n<meta property=\"og:locale\" content=\"en_US\" \/>\n<meta property=\"og:type\" content=\"article\" \/>\n<meta property=\"og:title\" content=\"Seguro Scooter - Premier Security - Blog\" \/>\n<meta property=\"og:description\" content=\"Procurando o melhor seguropara sua Scooter? Porque na maioria das vezes conseguimos um pre\u00e7o bacana para os seguros das Scooters!? Consulte e contrate o seguro de sua moto scooter, garantido por uma das maiores seguradoras do pa\u00eds e com pre\u00e7os altamente competitivos. Fa\u00e7a agora mesmo a sua simula\u00e7\u00e3o e contrate on line ou entre em [&hellip;]\" \/>\n<meta property=\"og:url\" content=\"https:\/\/www.premiersecurity.com.br\/blog\/seguro-scooter\/\" \/>\n<meta property=\"og:site_name\" content=\"Premier Security - Blog\" \/>\n<meta property=\"article:author\" content=\"https:\/\/www.facebook.com\/PremierCorretoraSeguros\/\" \/>\n<meta property=\"article:modified_time\" content=\"2018-09-18T14:22:54+00:00\" \/>\n<meta property=\"og:image\" content=\"https:\/\/www.premiersecurity.com.br\/blog\/wp-content\/uploads\/elementor\/thumbs\/logo-branco-nukqbb2xgjxwsvor12tcvf78yra3jew3z21orm41va.png\" \/>\n<meta name=\"twitter:card\" content=\"summary_large_image\" \/>\n<script type=\"application\/ld+json\" class=\"yoast-schema-graph\">{\"@context\":\"https:\/\/schema.org\",\"@graph\":[{\"@type\":\"WebSite\",\"@id\":\"https:\/\/www.premiersecurity.com.br\/blog\/#website\",\"url\":\"https:\/\/www.premiersecurity.com.br\/blog\/\",\"name\":\"Premier Security - Blog\",\"description\":\"Conte\\u00fados para voc\\u00ea\",\"potentialAction\":[{\"@type\":\"SearchAction\",\"target\":\"https:\/\/www.premiersecurity.com.br\/blog\/?s={search_term_string}\",\"query-input\":\"required name=search_term_string\"}],\"inLanguage\":\"en-US\"},{\"@type\":\"ImageObject\",\"@id\":\"https:\/\/www.premiersecurity.com.br\/blog\/seguro-scooter\/#primaryimage\",\"inLanguage\":\"en-US\",\"url\":\"https:\/\/www.premiersecurity.com.br\/blog\/wp-content\/uploads\/elementor\/thumbs\/logo-branco-nukqbb2xgjxwsvor12tcvf78yra3jew3z21orm41va.png\"},{\"@type\":\"WebPage\",\"@id\":\"https:\/\/www.premiersecurity.com.br\/blog\/seguro-scooter\/#webpage\",\"url\":\"https:\/\/www.premiersecurity.com.br\/blog\/seguro-scooter\/\",\"name\":\"Seguro Scooter - Premier Security - Blog\",\"isPartOf\":{\"@id\":\"https:\/\/www.premiersecurity.com.br\/blog\/#website\"},\"primaryImageOfPage\":{\"@id\":\"https:\/\/www.premiersecurity.com.br\/blog\/seguro-scooter\/#primaryimage\"},\"datePublished\":\"2018-08-13T19:15:01+00:00\",\"dateModified\":\"2018-09-18T14:22:54+00:00\",\"inLanguage\":\"en-US\",\"potentialAction\":[{\"@type\":\"ReadAction\",\"target\":[\"https:\/\/www.premiersecurity.com.br\/blog\/seguro-scooter\/\"]}]}]}<\/script>\n<!-- \/ Yoast SEO plugin. -->","_links":{"self":[{"href":"https:\/\/www.premiersecurity.com.br\/blog\/wp-json\/wp\/v2\/pages\/12230"}],"collection":[{"href":"https:\/\/www.premiersecurity.com.br\/blog\/wp-json\/wp\/v2\/pages"}],"about":[{"href":"https:\/\/www.premiersecurity.com.br\/blog\/wp-json\/wp\/v2\/types\/page"}],"author":[{"embeddable":true,"href":"https:\/\/www.premiersecurity.com.br\/blog\/wp-json\/wp\/v2\/users\/1"}],"replies":[{"embeddable":true,"href":"https:\/\/www.premiersecurity.com.br\/blog\/wp-json\/wp\/v2\/comments?post=12230"}],"version-history":[{"count":15,"href":"https:\/\/www.premiersecurity.com.br\/blog\/wp-json\/wp\/v2\/pages\/12230\/revisions"}],"predecessor-version":[{"id":12434,"href":"https:\/\/www.premiersecurity.com.br\/blog\/wp-json\/wp\/v2\/pages\/12230\/revisions\/12434"}],"wp:attachment":[{"href":"https:\/\/www.premiersecurity.com.br\/blog\/wp-json\/wp\/v2\/media?parent=12230"}],"curies":[{"name":"wp","href":"https:\/\/api.w.org\/{rel}","templated":true}]}}