{"id":12286,"date":"2018-08-16T13:35:41","date_gmt":"2018-08-16T13:35:41","guid":{"rendered":"https:\/\/www.premiersecurity.com.br\/blog\/?page_id=12286"},"modified":"2018-09-18T14:20:02","modified_gmt":"2018-09-18T14:20:02","slug":"seguro-moto-trail","status":"publish","type":"page","link":"https:\/\/www.premiersecurity.com.br\/blog\/seguro-moto-trail\/","title":{"rendered":"Seguro Trail"},"content":{"rendered":"<p><img src=\"https:\/\/www.premiersecurity.com.br\/blog\/wp-content\/uploads\/elementor\/thumbs\/logo-branco-nukqbb2xgjxwsvor12tcvf78yra3jew3z21orm41va.png\" title=\"logo-branco\" alt=\"logo-branco\" \/>\t\t\t\t\t\t\t\t\t\t\t<\/p>\n<h1>Procurando o melhor seguro<br \/>para sua Trail?<\/h1>\n<h2>Fa\u00e7a o seguro com maior custo benef\u00edcio para sua trail<\/h2>\n<p>Sabia que existe um seguro que garante a indeniza\u00e7\u00e3o no caso de roubo\/furto da sua moto com pre\u00e7os bem competitivos e ainda oferece assist\u00eancia 24hs? <\/p>\n<p>Saiba mais, fazendo uma simula\u00e7\u00e3o com seu perfil sem compromisso e contrate on-line ou entre em contato conosco. <\/p>\n<p>Proteja seu instrumento de trabalho , a que te leva a seu col\u00e9gio\/faculdade ou simplesmente te oferece bons momentos de lazer.<\/p>\n<ul>\n<li><a href=\"#\"><br \/>\n\t\t\t\t\t\t\t\t\tIndeniza\u00e7\u00e3o<\/p>\n<p>Indeniza\u00e7\u00e3o em at\u00e9 100% da tabela FIPE<\/p>\n<p>\t\t\t<\/a><\/li>\n<li><a href=\"#\"><br \/>\n\t\t\t\t\t\t\t\t\tExcelente custo-benef\u00edcio<\/p>\n<p>Oferecemos at\u00e9 80% de economia, em rela\u00e7\u00e3o ao custo de um seguro completo, na contrata\u00e7\u00e3o do seguro exclusivo contra Furto e Roubo.<\/p>\n<p>\t\t\t<\/a><\/li>\n<li><a href=\"#\"><br \/>\n\t\t\t\t\t\t\t\t\tSem Franquia<\/p>\n<p>Para cobertura exclusiva de Furto e Roubo, n\u00e3o h\u00e1 cobran\u00e7a de franquia num eventual sinistro.<\/p>\n<p>\t\t\t<\/a><\/li>\n<li><a href=\"#\"><br \/>\n\t\t\t\t\t\t\t\t\tPerfil simplificado e sem burocracia<\/p>\n<p>perfil simplificado, sem question\u00e1rios intermin\u00e1veis para responder. Isso proporciona agilidade na contrata\u00e7\u00e3o do seu seguro.<\/p>\n<p>\t\t\t<\/a><\/li>\n<\/ul>\n<h2>Fa\u00e7a uma simula\u00e7\u00e3o do seu perfil para o seguro da sua Trail!<\/h2>\n<p><iframe src=\"https:\/\/www.premiersecurity.com.br\/iframe-simulador\/7\/lptrailsuhai\" height=\"100%\" width=\"100%\" border=\"0\" scrolling=\"no\" onload=\"resizeIframe(this)\"><\/iframe>\t\t<\/p>\n<h2>As motos trail mais vendidas em 2018<\/h2>\n<figure><img src=\"https:\/\/www.premiersecurity.com.br\/blog\/wp-content\/uploads\/2018\/08\/bross160-300x300.jpg\" alt=\"bross160\" \/><\/figure>\n<figure><img src=\"https:\/\/www.premiersecurity.com.br\/blog\/wp-content\/uploads\/2018\/08\/hondaxre300-300x300.jpg\" alt=\"hondaxre300\" \/><\/figure>\n<figure><img src=\"https:\/\/www.premiersecurity.com.br\/blog\/wp-content\/uploads\/2018\/08\/yamahacrosser-300x300.jpg\" alt=\"yamahacrosser\" \/><\/figure>\n<figure><img src=\"https:\/\/www.premiersecurity.com.br\/blog\/wp-content\/uploads\/2018\/08\/hondaxre190-300x300.jpg\" alt=\"hondaxre190\" \/><\/figure>\n<figure><img src=\"https:\/\/www.premiersecurity.com.br\/blog\/wp-content\/uploads\/2018\/08\/yamahaxtzlander250-300x300.jpg\" alt=\"yamahaxtzlander250\" \/><\/figure>\n<h2>Assist\u00eancia 24hrs<\/h2>\n<figure><img src=\"https:\/\/www.premiersecurity.com.br\/blog\/wp-content\/uploads\/elementor\/thumbs\/truck-nukten2pq9l99chr6fsb5gmdo37z4tm7xa6kzzm2g8.png\" title=\"truck\" alt=\"truck\" \/><\/figure>\n<h3>Guincho \/ Reboque<\/h3>\n<p>Seja por pane ou avaria\/acidente, onde n\u00e3o consiga reparar o ve\u00edculo no local, a Central de Assist\u00eancia providenciar\u00e1 o reboque do seu ve\u00edculo para a oficina mais pr\u00f3xima da regi\u00e3o.\n<\/p>\n<figure><img loading=\"lazy\" width=\"100\" height=\"100\" src=\"https:\/\/www.premiersecurity.com.br\/blog\/wp-content\/uploads\/2018\/08\/moto.png\" alt=\"\" \/><\/figure>\n<h3>Troca de pneus<\/h3>\n<p>Em caso de pneu furado, ser\u00e1 providenciado o deslocamento de um prestador de servi\u00e7o que ir\u00e1 lhe ajudar na troca do pneu. Em caso de impossibilidade deste servi\u00e7o, ser\u00e1 fornecido o reboque do ve\u00edculo para a oficina mais pr\u00f3xima da regi\u00e3o.<\/p>\n<figure><img loading=\"lazy\" width=\"100\" height=\"100\" src=\"https:\/\/www.premiersecurity.com.br\/blog\/wp-content\/uploads\/2018\/08\/chaveiro.png\" alt=\"\" \/><\/figure>\n<h3>Chaveiro<\/h3>\n<p>No caso de impossibilidade, perda ou esquecimento da chave no interior do ve\u00edculo, enviaremos um chaveiro para te ajudar.<\/p>\n<figure><img loading=\"lazy\" width=\"100\" height=\"100\" src=\"https:\/\/www.premiersecurity.com.br\/blog\/wp-content\/uploads\/2018\/08\/car.png\" alt=\"\" \/><\/figure>\n<h3>Transporte domiciliar<\/h3>\n<p>Em caso de roubo ou furto do ve\u00edculo, a Central de Assist\u00eancia providenciar\u00e1 o transporte do motorista e de seus ocupantes at\u00e9 o local de escolha do cliente.<\/p>\n<p>\t\t\t<a href=\"#simulacao\" role=\"button\"><br \/>\n\t\t\t\t\t\tFAZER SIMULA\u00c7\u00c3O<br \/>\n\t\t\t\t\t<\/a><br \/>\n\t\t\t<!-- Google Tag Manager --><br \/>\n\t<!-- Fim Google Tag Manager --><\/p>\n","protected":false},"excerpt":{"rendered":"<p>Procurando o melhor seguropara sua Trail? Fa\u00e7a o seguro com maior custo benef\u00edcio para sua trail Sabia que existe um seguro que garante a indeniza\u00e7\u00e3o no caso de roubo\/furto da sua moto com pre\u00e7os bem competitivos e ainda oferece assist\u00eancia 24hs? Saiba mais, fazendo uma simula\u00e7\u00e3o com seu perfil sem compromisso e contrate on-line ou [&hellip;]<\/p>\n","protected":false},"author":1,"featured_media":0,"parent":0,"menu_order":0,"comment_status":"closed","ping_status":"closed","template":"elementor_canvas","meta":[],"yoast_head":"<!-- This site is optimized with the Yoast SEO plugin v14.4.1 - https:\/\/yoast.com\/wordpress\/plugins\/seo\/ -->\n<title>Seguro Trail - Premier Security - Blog<\/title>\n<meta name=\"robots\" content=\"index, follow\" \/>\n<meta name=\"googlebot\" content=\"index, follow, max-snippet:-1, max-image-preview:large, max-video-preview:-1\" \/>\n<meta name=\"bingbot\" content=\"index, follow, max-snippet:-1, max-image-preview:large, max-video-preview:-1\" \/>\n<link rel=\"canonical\" href=\"https:\/\/www.premiersecurity.com.br\/blog\/seguro-moto-trail\/\" \/>\n<meta property=\"og:locale\" content=\"en_US\" \/>\n<meta property=\"og:type\" content=\"article\" \/>\n<meta property=\"og:title\" content=\"Seguro Trail - Premier Security - Blog\" \/>\n<meta property=\"og:description\" content=\"Procurando o melhor seguropara sua Trail? Fa\u00e7a o seguro com maior custo benef\u00edcio para sua trail Sabia que existe um seguro que garante a indeniza\u00e7\u00e3o no caso de roubo\/furto da sua moto com pre\u00e7os bem competitivos e ainda oferece assist\u00eancia 24hs? Saiba mais, fazendo uma simula\u00e7\u00e3o com seu perfil sem compromisso e contrate on-line ou [&hellip;]\" \/>\n<meta property=\"og:url\" content=\"https:\/\/www.premiersecurity.com.br\/blog\/seguro-moto-trail\/\" \/>\n<meta property=\"og:site_name\" content=\"Premier Security - Blog\" \/>\n<meta property=\"article:author\" content=\"https:\/\/www.facebook.com\/PremierCorretoraSeguros\/\" \/>\n<meta property=\"article:modified_time\" content=\"2018-09-18T14:20:02+00:00\" \/>\n<meta property=\"og:image\" content=\"https:\/\/www.premiersecurity.com.br\/blog\/wp-content\/uploads\/elementor\/thumbs\/logo-branco-nukqbb2xgjxwsvor12tcvf78yra3jew3z21orm41va.png\" \/>\n<meta name=\"twitter:card\" content=\"summary_large_image\" \/>\n<script type=\"application\/ld+json\" class=\"yoast-schema-graph\">{\"@context\":\"https:\/\/schema.org\",\"@graph\":[{\"@type\":\"WebSite\",\"@id\":\"https:\/\/www.premiersecurity.com.br\/blog\/#website\",\"url\":\"https:\/\/www.premiersecurity.com.br\/blog\/\",\"name\":\"Premier Security - Blog\",\"description\":\"Conte\\u00fados para voc\\u00ea\",\"potentialAction\":[{\"@type\":\"SearchAction\",\"target\":\"https:\/\/www.premiersecurity.com.br\/blog\/?s={search_term_string}\",\"query-input\":\"required name=search_term_string\"}],\"inLanguage\":\"en-US\"},{\"@type\":\"ImageObject\",\"@id\":\"https:\/\/www.premiersecurity.com.br\/blog\/seguro-moto-trail\/#primaryimage\",\"inLanguage\":\"en-US\",\"url\":\"https:\/\/www.premiersecurity.com.br\/blog\/wp-content\/uploads\/elementor\/thumbs\/logo-branco-nukqbb2xgjxwsvor12tcvf78yra3jew3z21orm41va.png\"},{\"@type\":\"WebPage\",\"@id\":\"https:\/\/www.premiersecurity.com.br\/blog\/seguro-moto-trail\/#webpage\",\"url\":\"https:\/\/www.premiersecurity.com.br\/blog\/seguro-moto-trail\/\",\"name\":\"Seguro Trail - Premier Security - Blog\",\"isPartOf\":{\"@id\":\"https:\/\/www.premiersecurity.com.br\/blog\/#website\"},\"primaryImageOfPage\":{\"@id\":\"https:\/\/www.premiersecurity.com.br\/blog\/seguro-moto-trail\/#primaryimage\"},\"datePublished\":\"2018-08-16T13:35:41+00:00\",\"dateModified\":\"2018-09-18T14:20:02+00:00\",\"inLanguage\":\"en-US\",\"potentialAction\":[{\"@type\":\"ReadAction\",\"target\":[\"https:\/\/www.premiersecurity.com.br\/blog\/seguro-moto-trail\/\"]}]}]}<\/script>\n<!-- \/ Yoast SEO plugin. -->","_links":{"self":[{"href":"https:\/\/www.premiersecurity.com.br\/blog\/wp-json\/wp\/v2\/pages\/12286"}],"collection":[{"href":"https:\/\/www.premiersecurity.com.br\/blog\/wp-json\/wp\/v2\/pages"}],"about":[{"href":"https:\/\/www.premiersecurity.com.br\/blog\/wp-json\/wp\/v2\/types\/page"}],"author":[{"embeddable":true,"href":"https:\/\/www.premiersecurity.com.br\/blog\/wp-json\/wp\/v2\/users\/1"}],"replies":[{"embeddable":true,"href":"https:\/\/www.premiersecurity.com.br\/blog\/wp-json\/wp\/v2\/comments?post=12286"}],"version-history":[{"count":13,"href":"https:\/\/www.premiersecurity.com.br\/blog\/wp-json\/wp\/v2\/pages\/12286\/revisions"}],"predecessor-version":[{"id":12432,"href":"https:\/\/www.premiersecurity.com.br\/blog\/wp-json\/wp\/v2\/pages\/12286\/revisions\/12432"}],"wp:attachment":[{"href":"https:\/\/www.premiersecurity.com.br\/blog\/wp-json\/wp\/v2\/media?parent=12286"}],"curies":[{"name":"wp","href":"https:\/\/api.w.org\/{rel}","templated":true}]}}