{"id":12362,"date":"2018-08-18T14:59:33","date_gmt":"2018-08-18T14:59:33","guid":{"rendered":"https:\/\/www.premiersecurity.com.br\/blog\/?page_id=12362"},"modified":"2018-09-18T14:08:24","modified_gmt":"2018-09-18T14:08:24","slug":"seguro-moto-speed","status":"publish","type":"page","link":"https:\/\/www.premiersecurity.com.br\/blog\/seguro-moto-speed\/","title":{"rendered":"Seguro Speed"},"content":{"rendered":"<p><img src=\"https:\/\/www.premiersecurity.com.br\/blog\/wp-content\/uploads\/elementor\/thumbs\/logo-branco-nukqbb2xgjxwsvor12tcvf78yra3jew3z21orm41va.png\" title=\"logo-branco\" alt=\"logo-branco\" \/>\t\t\t\t\t\t\t\t\t\t\t<\/p>\n<h1>Procurando o melhor seguro<br \/>para sua moto Esportiva?<\/h1>\n<h2>Voc\u00ea ama velocidade e n\u00e3o abre m\u00e3o de curtir os momentos de lazer ao lado da sua moto esportiva?<br \/>\n<\/h2>\n<p>Sabia que existe um seguro que garante a indeniza\u00e7\u00e3o em caso de roubo\/furto da sua moto e ainda oferece assist\u00eancia 24hs? Confira mais vantagens, fazendo uma simula\u00e7\u00e3o com seu perfil sem compromisso.\u00a0<\/p>\n<p>Aproveite a oportunidade de proteger seu patrim\u00f4nio contratando o seguro online com pre\u00e7os bem competitivos, ou entre em contato conosco. <\/p>\n<p>Teremos o maior prazer em atend\u00ea-lo!<\/p>\n<ul>\n<li><a href=\"#\"><br \/>\n\t\t\t\t\t\t\t\t\tIndeniza\u00e7\u00e3o<\/p>\n<p>Indeniza\u00e7\u00e3o em at\u00e9 100% da tabela FIPE<\/p>\n<p>\t\t\t<\/a><\/li>\n<li><a href=\"#\"><br \/>\n\t\t\t\t\t\t\t\t\tExcelente custo-benef\u00edcio<\/p>\n<p>Oferecemos at\u00e9 80% de economia, em rela\u00e7\u00e3o ao custo de um seguro completo, na contrata\u00e7\u00e3o do seguro exclusivo contra Furto e Roubo.<\/p>\n<p>\t\t\t<\/a><\/li>\n<li><a href=\"#\"><br \/>\n\t\t\t\t\t\t\t\t\tSem Franquia<\/p>\n<p>Para cobertura exclusiva de Furto e Roubo, n\u00e3o h\u00e1 cobran\u00e7a de franquia num eventual sinistro.<\/p>\n<p>\t\t\t<\/a><\/li>\n<li><a href=\"#\"><br \/>\n\t\t\t\t\t\t\t\t\tPerfil simplificado e sem burocracia<\/p>\n<p>perfil simplificado, sem question\u00e1rios intermin\u00e1veis para responder. Isso proporciona agilidade na contrata\u00e7\u00e3o do seu seguro.<\/p>\n<p>\t\t\t<\/a><\/li>\n<\/ul>\n<h2>Fa\u00e7a uma simula\u00e7\u00e3o do seu perfil para o seguro da sua moto Speed!<\/h2>\n<p><!-- Colocar id_form\/name_form --><br \/>\n<iframe src=\"https:\/\/www.premiersecurity.com.br\/iframe-simulador\/9\/lpspeedsuhai\" height=\"100%\" width=\"100%\" border=\"0\" scrolling=\"no\" onload=\"resizeIframe(this)\"><\/iframe>\t\t<\/p>\n<h2>Assist\u00eancia 24hrs<\/h2>\n<figure><img src=\"https:\/\/www.premiersecurity.com.br\/blog\/wp-content\/uploads\/elementor\/thumbs\/truck-nukten2pq9l99chr6fsb5gmdo37z4tm7xa6kzzm2g8.png\" title=\"truck\" alt=\"truck\" \/><\/figure>\n<h3>Guincho \/ Reboque<\/h3>\n<p>Seja por pane ou avaria\/acidente, onde n\u00e3o consiga reparar o ve\u00edculo no local, a Central de Assist\u00eancia providenciar\u00e1 o reboque do seu ve\u00edculo para a oficina mais pr\u00f3xima da regi\u00e3o.\n<\/p>\n<figure><img loading=\"lazy\" width=\"100\" height=\"100\" src=\"https:\/\/www.premiersecurity.com.br\/blog\/wp-content\/uploads\/2018\/08\/moto.png\" alt=\"\" \/><\/figure>\n<h3>Troca de pneus<\/h3>\n<p>Em caso de pneu furado, ser\u00e1 providenciado o deslocamento de um prestador de servi\u00e7o que ir\u00e1 lhe ajudar na troca do pneu. Em caso de impossibilidade deste servi\u00e7o, ser\u00e1 fornecido o reboque do ve\u00edculo para a oficina mais pr\u00f3xima da regi\u00e3o.<\/p>\n<figure><img loading=\"lazy\" width=\"100\" height=\"100\" src=\"https:\/\/www.premiersecurity.com.br\/blog\/wp-content\/uploads\/2018\/08\/chaveiro.png\" alt=\"\" \/><\/figure>\n<h3>Chaveiro<\/h3>\n<p>No caso de impossibilidade, perda ou esquecimento da chave no interior do ve\u00edculo, enviaremos um chaveiro para te ajudar.<\/p>\n<figure><img loading=\"lazy\" width=\"100\" height=\"100\" src=\"https:\/\/www.premiersecurity.com.br\/blog\/wp-content\/uploads\/2018\/08\/car.png\" alt=\"\" \/><\/figure>\n<h3>Transporte domiciliar<\/h3>\n<p>Em caso de roubo ou furto do ve\u00edculo, a Central de Assist\u00eancia providenciar\u00e1 o transporte do motorista e de seus ocupantes at\u00e9 o local de escolha do cliente.<\/p>\n<p>\t\t\t<a href=\"#simulacao\" role=\"button\"><br \/>\n\t\t\t\t\t\tFAZER SIMULA\u00c7\u00c3O<br \/>\n\t\t\t\t\t<\/a><br \/>\n\t\t\t<!-- Google Tag Manager --><br \/>\n\t<!-- Fim Google Tag Manager --><\/p>\n","protected":false},"excerpt":{"rendered":"<p>Procurando o melhor seguropara sua moto Esportiva? Voc\u00ea ama velocidade e n\u00e3o abre m\u00e3o de curtir os momentos de lazer ao lado da sua moto esportiva? Sabia que existe um seguro que garante a indeniza\u00e7\u00e3o em caso de roubo\/furto da sua moto e ainda oferece assist\u00eancia 24hs? Confira mais vantagens, fazendo uma simula\u00e7\u00e3o com seu [&hellip;]<\/p>\n","protected":false},"author":1,"featured_media":0,"parent":0,"menu_order":0,"comment_status":"closed","ping_status":"closed","template":"elementor_canvas","meta":[],"yoast_head":"<!-- This site is optimized with the Yoast SEO plugin v14.4.1 - https:\/\/yoast.com\/wordpress\/plugins\/seo\/ -->\n<title>Seguro Speed - Premier Security - Blog<\/title>\n<meta name=\"robots\" content=\"index, follow\" \/>\n<meta name=\"googlebot\" content=\"index, follow, max-snippet:-1, max-image-preview:large, max-video-preview:-1\" \/>\n<meta name=\"bingbot\" content=\"index, follow, max-snippet:-1, max-image-preview:large, max-video-preview:-1\" \/>\n<link rel=\"canonical\" href=\"https:\/\/www.premiersecurity.com.br\/blog\/seguro-moto-speed\/\" \/>\n<meta property=\"og:locale\" content=\"en_US\" \/>\n<meta property=\"og:type\" content=\"article\" \/>\n<meta property=\"og:title\" content=\"Seguro Speed - Premier Security - Blog\" \/>\n<meta property=\"og:description\" content=\"Procurando o melhor seguropara sua moto Esportiva? Voc\u00ea ama velocidade e n\u00e3o abre m\u00e3o de curtir os momentos de lazer ao lado da sua moto esportiva? Sabia que existe um seguro que garante a indeniza\u00e7\u00e3o em caso de roubo\/furto da sua moto e ainda oferece assist\u00eancia 24hs? Confira mais vantagens, fazendo uma simula\u00e7\u00e3o com seu [&hellip;]\" \/>\n<meta property=\"og:url\" content=\"https:\/\/www.premiersecurity.com.br\/blog\/seguro-moto-speed\/\" \/>\n<meta property=\"og:site_name\" content=\"Premier Security - Blog\" \/>\n<meta property=\"article:author\" content=\"https:\/\/www.facebook.com\/PremierCorretoraSeguros\/\" \/>\n<meta property=\"article:modified_time\" content=\"2018-09-18T14:08:24+00:00\" \/>\n<meta property=\"og:image\" content=\"https:\/\/www.premiersecurity.com.br\/blog\/wp-content\/uploads\/elementor\/thumbs\/logo-branco-nukqbb2xgjxwsvor12tcvf78yra3jew3z21orm41va.png\" \/>\n<meta name=\"twitter:card\" content=\"summary_large_image\" \/>\n<script type=\"application\/ld+json\" class=\"yoast-schema-graph\">{\"@context\":\"https:\/\/schema.org\",\"@graph\":[{\"@type\":\"WebSite\",\"@id\":\"https:\/\/www.premiersecurity.com.br\/blog\/#website\",\"url\":\"https:\/\/www.premiersecurity.com.br\/blog\/\",\"name\":\"Premier Security - Blog\",\"description\":\"Conte\\u00fados para voc\\u00ea\",\"potentialAction\":[{\"@type\":\"SearchAction\",\"target\":\"https:\/\/www.premiersecurity.com.br\/blog\/?s={search_term_string}\",\"query-input\":\"required name=search_term_string\"}],\"inLanguage\":\"en-US\"},{\"@type\":\"ImageObject\",\"@id\":\"https:\/\/www.premiersecurity.com.br\/blog\/seguro-moto-speed\/#primaryimage\",\"inLanguage\":\"en-US\",\"url\":\"https:\/\/www.premiersecurity.com.br\/blog\/wp-content\/uploads\/elementor\/thumbs\/logo-branco-nukqbb2xgjxwsvor12tcvf78yra3jew3z21orm41va.png\"},{\"@type\":\"WebPage\",\"@id\":\"https:\/\/www.premiersecurity.com.br\/blog\/seguro-moto-speed\/#webpage\",\"url\":\"https:\/\/www.premiersecurity.com.br\/blog\/seguro-moto-speed\/\",\"name\":\"Seguro Speed - Premier Security - Blog\",\"isPartOf\":{\"@id\":\"https:\/\/www.premiersecurity.com.br\/blog\/#website\"},\"primaryImageOfPage\":{\"@id\":\"https:\/\/www.premiersecurity.com.br\/blog\/seguro-moto-speed\/#primaryimage\"},\"datePublished\":\"2018-08-18T14:59:33+00:00\",\"dateModified\":\"2018-09-18T14:08:24+00:00\",\"inLanguage\":\"en-US\",\"potentialAction\":[{\"@type\":\"ReadAction\",\"target\":[\"https:\/\/www.premiersecurity.com.br\/blog\/seguro-moto-speed\/\"]}]}]}<\/script>\n<!-- \/ Yoast SEO plugin. -->","_links":{"self":[{"href":"https:\/\/www.premiersecurity.com.br\/blog\/wp-json\/wp\/v2\/pages\/12362"}],"collection":[{"href":"https:\/\/www.premiersecurity.com.br\/blog\/wp-json\/wp\/v2\/pages"}],"about":[{"href":"https:\/\/www.premiersecurity.com.br\/blog\/wp-json\/wp\/v2\/types\/page"}],"author":[{"embeddable":true,"href":"https:\/\/www.premiersecurity.com.br\/blog\/wp-json\/wp\/v2\/users\/1"}],"replies":[{"embeddable":true,"href":"https:\/\/www.premiersecurity.com.br\/blog\/wp-json\/wp\/v2\/comments?post=12362"}],"version-history":[{"count":9,"href":"https:\/\/www.premiersecurity.com.br\/blog\/wp-json\/wp\/v2\/pages\/12362\/revisions"}],"predecessor-version":[{"id":12431,"href":"https:\/\/www.premiersecurity.com.br\/blog\/wp-json\/wp\/v2\/pages\/12362\/revisions\/12431"}],"wp:attachment":[{"href":"https:\/\/www.premiersecurity.com.br\/blog\/wp-json\/wp\/v2\/media?parent=12362"}],"curies":[{"name":"wp","href":"https:\/\/api.w.org\/{rel}","templated":true}]}}