{"id":12375,"date":"2018-08-18T16:27:14","date_gmt":"2018-08-18T16:27:14","guid":{"rendered":"https:\/\/www.premiersecurity.com.br\/blog\/?page_id=12375"},"modified":"2018-09-14T15:34:20","modified_gmt":"2018-09-14T15:34:20","slug":"tipos-de-seguro-moto","status":"publish","type":"page","link":"https:\/\/www.premiersecurity.com.br\/blog\/tipos-de-seguro-moto\/","title":{"rendered":"Tipos de seguro para sua moto"},"content":{"rendered":"<p><img src=\"https:\/\/www.premiersecurity.com.br\/blog\/wp-content\/uploads\/elementor\/thumbs\/logo-branco-nukqbb2xgjxwsvor12tcvf78yra3jew3z21orm41va.png\" title=\"logo-branco\" alt=\"logo-branco\" \/>\t\t\t\t\t\t\t\t\t\t\t<\/p>\n<h2>Saiba mais sobre os tipos de seguro para cada categoria de moto<\/h2>\n<p>\t\t<iframe width=\"770\" height=\"433\" src=\"https:\/\/www.youtube.com\/embed\/vNC6VHy7tDA?feature=oembed\" frameborder=\"0\" allow=\"autoplay; encrypted-media\" allowfullscreen><\/iframe>\t\t<\/p>\n<h4>Saiba mais:<\/h4>\n<p>\t\t\t<a href=\"https:\/\/www.premiersecurity.com.br\/blog\/seguro-moto-street\/\" role=\"button\"><br \/>\n\t\t\t\t\t\tSeguro para Moto Street<br \/>\n\t\t\t\t\t<\/a><br \/>\n\t\t\t<a href=\"https:\/\/www.premiersecurity.com.br\/blog\/seguro-scooter\/\" role=\"button\"><br \/>\n\t\t\t\t\t\tSeguro para Moto Scooter<br \/>\n\t\t\t\t\t<\/a><br \/>\n\t\t\t<a href=\"https:\/\/www.premiersecurity.com.br\/blog\/seguro-moto-trail\/\" role=\"button\"><br \/>\n\t\t\t\t\t\tSeguro para Moto Trail<br \/>\n\t\t\t\t\t<\/a><br \/>\n\t\t\t<a href=\"https:\/\/www.premiersecurity.com.br\/blog\/seguro-custom\/\" role=\"button\"><br \/>\n\t\t\t\t\t\tSeguro para Moto Custom<br \/>\n\t\t\t\t\t<\/a><br \/>\n\t\t\t<a href=\"https:\/\/www.premiersecurity.com.br\/blog\/seguro-moto-speed\/\" role=\"button\"><br \/>\n\t\t\t\t\t\tSeguro para Moto Speed<br \/>\n\t\t\t\t\t<\/a><\/p>\n<h1>5 Dicas para cotar o seguro moto e acertar <br \/>na aquisi\u00e7\u00e3o da cobertura<\/h1>\n<p>\t\t\t\t\t\t\t\t\t\t<img loading=\"lazy\" width=\"500\" height=\"333\" src=\"https:\/\/www.premiersecurity.com.br\/blog\/wp-content\/uploads\/2018\/08\/1-coberturaideal-1.jpg\" alt=\"\" srcset=\"https:\/\/www.premiersecurity.com.br\/blog\/wp-content\/uploads\/2018\/08\/1-coberturaideal-1.jpg 500w, https:\/\/www.premiersecurity.com.br\/blog\/wp-content\/uploads\/2018\/08\/1-coberturaideal-1-300x200.jpg 300w\" sizes=\"(max-width: 500px) 100vw, 500px\" \/>\t\t\t\t\t\t\t\t\t\t\t<\/p>\n<h2>1 \u2013 Defina o tipo de cobertura ideal para as suas necessidades<\/h2>\n<p>O seguro moto perfeito \u00e9 aquele que atende \u00e0s suas necessidades de prote\u00e7\u00e3o e assist\u00eancia a voc\u00ea e ao seu bem material. \u00a0Assim como no seguro auto, o seguro moto tem algumas coberturas especiais, que garantem prote\u00e7\u00e3o de colis\u00f5es, roubo e inc\u00eandio, al\u00e9m de guincho 24h sem limite de quilometragem.<\/p>\n<p>J\u00e1 outros tipos de coberturas s\u00e3o mais limitadas, mas n\u00e3o menos eficientes, como \u00e9 o caso do seguro roubo e furto. Para esse tipo de seguro moto, algumas seguradoras oferecem a instala\u00e7\u00e3o de um aparelho rastreador de alta tecnologia, como faz a Suhai Seguros.<\/p>\n<p>\t\t\t\t\t\t\t\t\t\t<img loading=\"lazy\" width=\"500\" height=\"333\" src=\"https:\/\/www.premiersecurity.com.br\/blog\/wp-content\/uploads\/2018\/08\/opc2.jpg\" alt=\"\" srcset=\"https:\/\/www.premiersecurity.com.br\/blog\/wp-content\/uploads\/2018\/08\/opc2.jpg 500w, https:\/\/www.premiersecurity.com.br\/blog\/wp-content\/uploads\/2018\/08\/opc2-300x200.jpg 300w\" sizes=\"(max-width: 500px) 100vw, 500px\" \/>\t\t\t\t\t\t\t\t\t\t\t<\/p>\n<h2>2 \u2013 Verifique se a seguradora escolhida \u00e9 id\u00f4nea<\/h2>\n<p>Atualmente, \u00e9 f\u00e1cil encontrar in\u00fameras seguradoras e corretoras de seguros oferecendo coberturas e ap\u00f3lices tentadoras. Mas, antes de contratar o servi\u00e7o, busque conhecer a idoneidade da empresa, seu tempo de atua\u00e7\u00e3o no mercado e verifique se a corretora\/seguradora possui autoriza\u00e7\u00e3o da Superintend\u00eancia de Seguros Privados \u2013 SUSEP, \u00f3rg\u00e3o regulamentador da empresas de seguros.<\/p>\n<p>\t\t\t\t\t\t\t\t\t\t<img loading=\"lazy\" width=\"500\" height=\"333\" src=\"https:\/\/www.premiersecurity.com.br\/blog\/wp-content\/uploads\/2018\/08\/guincho.jpg\" alt=\"\" srcset=\"https:\/\/www.premiersecurity.com.br\/blog\/wp-content\/uploads\/2018\/08\/guincho.jpg 500w, https:\/\/www.premiersecurity.com.br\/blog\/wp-content\/uploads\/2018\/08\/guincho-300x200.jpg 300w\" sizes=\"(max-width: 500px) 100vw, 500px\" \/>\t\t\t\t\t\t\t\t\t\t\t<\/p>\n<h2>3 \u2013 Saiba se h\u00e1 benef\u00edcios oferecidos<\/h2>\n<p>N\u00e3o negocie sua cobertura de seguro moto apenas pelo valor das parcelas. Um seguro vantajoso tamb\u00e9m inclui benef\u00edcios extras como descontos, assist\u00eancia mec\u00e2nica e at\u00e9 a menor burocracia na an\u00e1lise de modelos, marcas e ano do ve\u00edculo duas rodas.<\/p>\n<p>\t\t\t\t\t\t\t\t\t\t<img loading=\"lazy\" width=\"500\" height=\"333\" src=\"https:\/\/www.premiersecurity.com.br\/blog\/wp-content\/uploads\/2018\/08\/duvidas.jpg\" alt=\"\" srcset=\"https:\/\/www.premiersecurity.com.br\/blog\/wp-content\/uploads\/2018\/08\/duvidas.jpg 500w, https:\/\/www.premiersecurity.com.br\/blog\/wp-content\/uploads\/2018\/08\/duvidas-300x200.jpg 300w\" sizes=\"(max-width: 500px) 100vw, 500px\" \/>\t\t\t\t\t\t\t\t\t\t\t<\/p>\n<h2>4 \u2013 Tire d\u00favidas com um corretor de seguros autorizado<\/h2>\n<p>Mesmo realizando pesquisas na internet e tendo indica\u00e7\u00f5es de amigos, algumas d\u00favidas sempre podem surgir sobre o seguro moto. Ningu\u00e9m melhor para esclarecer todas as quest\u00f5es do que um corretor de seguros qualificado. Procure um profissional de confian\u00e7a para voc\u00ea sanar as pend\u00eancias e ter a certeza de que est\u00e1 contratando a melhor cobertura para o seu caso.<\/p>\n<p>\t\t\t\t\t\t\t\t\t\t<img loading=\"lazy\" width=\"500\" height=\"333\" src=\"https:\/\/www.premiersecurity.com.br\/blog\/wp-content\/uploads\/2018\/08\/cotacao-online.jpg\" alt=\"\" srcset=\"https:\/\/www.premiersecurity.com.br\/blog\/wp-content\/uploads\/2018\/08\/cotacao-online.jpg 500w, https:\/\/www.premiersecurity.com.br\/blog\/wp-content\/uploads\/2018\/08\/cotacao-online-300x200.jpg 300w\" sizes=\"(max-width: 500px) 100vw, 500px\" \/>\t\t\t\t\t\t\t\t\t\t\t<\/p>\n<h2>5 \u2013 Como fazer a cota\u00e7\u00e3o online do Seguro Moto?<\/h2>\n<p>Uma das melhores formas de saber quanto voc\u00ea ir\u00e1 desembolsar para ter sua moto protegida \u00e9 fazendo a cota\u00e7\u00e3o online. Al\u00e9m de ser pr\u00e1tico, o processo de simula\u00e7\u00e3o de valores \u00e9 r\u00e1pido e f\u00e1cil. Basta inserir algumas informa\u00e7\u00f5es solicitadas nos campos em aberto.<\/p>\n<h2>Saiba mais sobre o seguro <br \/>\npara cada categoria<\/h2>\n<h2>Motos Custom<\/h2>\n<p>\t\t\t\t\t\t\t\t\t\t\t<a href=\"https:\/\/www.premiersecurity.com.br\/blog\/seguro-custom\/\" data-elementor-open-lightbox=\"\"><br \/>\n\t\t\t\t\t\t\t<img loading=\"lazy\" width=\"322\" height=\"405\" src=\"https:\/\/www.premiersecurity.com.br\/blog\/wp-content\/uploads\/2018\/08\/customnovo.jpg\" alt=\"\" srcset=\"https:\/\/www.premiersecurity.com.br\/blog\/wp-content\/uploads\/2018\/08\/customnovo.jpg 322w, https:\/\/www.premiersecurity.com.br\/blog\/wp-content\/uploads\/2018\/08\/customnovo-239x300.jpg 239w\" sizes=\"(max-width: 322px) 100vw, 322px\" \/>\t\t\t\t\t\t\t\t<\/a><\/p>\n<h2>Motos Street<\/h2>\n<p>\t\t\t\t\t\t\t\t\t\t\t<a href=\"https:\/\/www.premiersecurity.com.br\/blog\/seguro-moto-street\/\" data-elementor-open-lightbox=\"\"><br \/>\n\t\t\t\t\t\t\t<img loading=\"lazy\" width=\"321\" height=\"405\" src=\"https:\/\/www.premiersecurity.com.br\/blog\/wp-content\/uploads\/2018\/08\/thumbstreet.jpg\" alt=\"\" srcset=\"https:\/\/www.premiersecurity.com.br\/blog\/wp-content\/uploads\/2018\/08\/thumbstreet.jpg 321w, https:\/\/www.premiersecurity.com.br\/blog\/wp-content\/uploads\/2018\/08\/thumbstreet-238x300.jpg 238w\" sizes=\"(max-width: 321px) 100vw, 321px\" \/>\t\t\t\t\t\t\t\t<\/a><\/p>\n<h2>Motos Scooter<\/h2>\n<p>\t\t\t\t\t\t\t\t\t\t\t<a href=\"https:\/\/www.premiersecurity.com.br\/blog\/seguro-scooter\/\" data-elementor-open-lightbox=\"\"><br \/>\n\t\t\t\t\t\t\t<img loading=\"lazy\" width=\"322\" height=\"405\" src=\"https:\/\/www.premiersecurity.com.br\/blog\/wp-content\/uploads\/2018\/08\/thumbscooter.jpg\" alt=\"\" srcset=\"https:\/\/www.premiersecurity.com.br\/blog\/wp-content\/uploads\/2018\/08\/thumbscooter.jpg 322w, https:\/\/www.premiersecurity.com.br\/blog\/wp-content\/uploads\/2018\/08\/thumbscooter-239x300.jpg 239w\" sizes=\"(max-width: 322px) 100vw, 322px\" \/>\t\t\t\t\t\t\t\t<\/a><\/p>\n<h2>Motos Trail<\/h2>\n<p>\t\t\t\t\t\t\t\t\t\t\t<a href=\"https:\/\/www.premiersecurity.com.br\/blog\/seguro-moto-trail\/\" data-elementor-open-lightbox=\"\"><br \/>\n\t\t\t\t\t\t\t<img loading=\"lazy\" width=\"322\" height=\"405\" src=\"https:\/\/www.premiersecurity.com.br\/blog\/wp-content\/uploads\/2018\/08\/mototrail.jpg\" alt=\"\" srcset=\"https:\/\/www.premiersecurity.com.br\/blog\/wp-content\/uploads\/2018\/08\/mototrail.jpg 322w, https:\/\/www.premiersecurity.com.br\/blog\/wp-content\/uploads\/2018\/08\/mototrail-239x300.jpg 239w\" sizes=\"(max-width: 322px) 100vw, 322px\" \/>\t\t\t\t\t\t\t\t<\/a><\/p>\n<h2>Motos Speed<\/h2>\n<p>\t\t\t\t\t\t\t\t\t\t\t<a href=\"https:\/\/www.premiersecurity.com.br\/blog\/seguro-moto-speed\/\" data-elementor-open-lightbox=\"\"><br \/>\n\t\t\t\t\t\t\t<img loading=\"lazy\" width=\"322\" height=\"405\" src=\"https:\/\/www.premiersecurity.com.br\/blog\/wp-content\/uploads\/2018\/08\/thumbspeed.jpg\" alt=\"\" srcset=\"https:\/\/www.premiersecurity.com.br\/blog\/wp-content\/uploads\/2018\/08\/thumbspeed.jpg 322w, https:\/\/www.premiersecurity.com.br\/blog\/wp-content\/uploads\/2018\/08\/thumbspeed-239x300.jpg 239w\" sizes=\"(max-width: 322px) 100vw, 322px\" \/>\t\t\t\t\t\t\t\t<\/a><br \/>\n\t\t\t<!-- Google Tag Manager --><br \/>\n\t<!-- Fim Google Tag Manager --><\/p>\n","protected":false},"excerpt":{"rendered":"<p>Saiba mais sobre os tipos de seguro para cada categoria de moto Saiba mais: Seguro para Moto Street Seguro para Moto Scooter Seguro para Moto Trail Seguro para Moto Custom Seguro para Moto Speed 5 Dicas para cotar o seguro moto e acertar na aquisi\u00e7\u00e3o da cobertura 1 \u2013 Defina o tipo de cobertura ideal [&hellip;]<\/p>\n","protected":false},"author":1,"featured_media":0,"parent":0,"menu_order":0,"comment_status":"closed","ping_status":"closed","template":"elementor_canvas","meta":[],"yoast_head":"<!-- This site is optimized with the Yoast SEO plugin v14.4.1 - https:\/\/yoast.com\/wordpress\/plugins\/seo\/ -->\n<title>Tipos de seguro para sua moto - Premier Security - Blog<\/title>\n<meta name=\"robots\" content=\"index, follow\" \/>\n<meta name=\"googlebot\" content=\"index, follow, max-snippet:-1, max-image-preview:large, max-video-preview:-1\" \/>\n<meta name=\"bingbot\" content=\"index, follow, max-snippet:-1, max-image-preview:large, max-video-preview:-1\" \/>\n<link rel=\"canonical\" href=\"https:\/\/www.premiersecurity.com.br\/blog\/tipos-de-seguro-moto\/\" \/>\n<meta property=\"og:locale\" content=\"en_US\" \/>\n<meta property=\"og:type\" content=\"article\" \/>\n<meta property=\"og:title\" content=\"Tipos de seguro para sua moto - Premier Security - Blog\" \/>\n<meta property=\"og:description\" content=\"Saiba mais sobre os tipos de seguro para cada categoria de moto Saiba mais: Seguro para Moto Street Seguro para Moto Scooter Seguro para Moto Trail Seguro para Moto Custom Seguro para Moto Speed 5 Dicas para cotar o seguro moto e acertar na aquisi\u00e7\u00e3o da cobertura 1 \u2013 Defina o tipo de cobertura ideal [&hellip;]\" \/>\n<meta property=\"og:url\" content=\"https:\/\/www.premiersecurity.com.br\/blog\/tipos-de-seguro-moto\/\" \/>\n<meta property=\"og:site_name\" content=\"Premier Security - Blog\" \/>\n<meta property=\"article:author\" content=\"https:\/\/www.facebook.com\/PremierCorretoraSeguros\/\" \/>\n<meta property=\"article:modified_time\" content=\"2018-09-14T15:34:20+00:00\" \/>\n<meta property=\"og:image\" content=\"https:\/\/www.premiersecurity.com.br\/blog\/wp-content\/uploads\/elementor\/thumbs\/logo-branco-nukqbb2xgjxwsvor12tcvf78yra3jew3z21orm41va.png\" \/>\n<meta name=\"twitter:card\" content=\"summary_large_image\" \/>\n<script type=\"application\/ld+json\" class=\"yoast-schema-graph\">{\"@context\":\"https:\/\/schema.org\",\"@graph\":[{\"@type\":\"WebSite\",\"@id\":\"https:\/\/www.premiersecurity.com.br\/blog\/#website\",\"url\":\"https:\/\/www.premiersecurity.com.br\/blog\/\",\"name\":\"Premier Security - Blog\",\"description\":\"Conte\\u00fados para voc\\u00ea\",\"potentialAction\":[{\"@type\":\"SearchAction\",\"target\":\"https:\/\/www.premiersecurity.com.br\/blog\/?s={search_term_string}\",\"query-input\":\"required name=search_term_string\"}],\"inLanguage\":\"en-US\"},{\"@type\":\"ImageObject\",\"@id\":\"https:\/\/www.premiersecurity.com.br\/blog\/tipos-de-seguro-moto\/#primaryimage\",\"inLanguage\":\"en-US\",\"url\":\"https:\/\/www.premiersecurity.com.br\/blog\/wp-content\/uploads\/elementor\/thumbs\/logo-branco-nukqbb2xgjxwsvor12tcvf78yra3jew3z21orm41va.png\"},{\"@type\":\"WebPage\",\"@id\":\"https:\/\/www.premiersecurity.com.br\/blog\/tipos-de-seguro-moto\/#webpage\",\"url\":\"https:\/\/www.premiersecurity.com.br\/blog\/tipos-de-seguro-moto\/\",\"name\":\"Tipos de seguro para sua moto - Premier Security - Blog\",\"isPartOf\":{\"@id\":\"https:\/\/www.premiersecurity.com.br\/blog\/#website\"},\"primaryImageOfPage\":{\"@id\":\"https:\/\/www.premiersecurity.com.br\/blog\/tipos-de-seguro-moto\/#primaryimage\"},\"datePublished\":\"2018-08-18T16:27:14+00:00\",\"dateModified\":\"2018-09-14T15:34:20+00:00\",\"inLanguage\":\"en-US\",\"potentialAction\":[{\"@type\":\"ReadAction\",\"target\":[\"https:\/\/www.premiersecurity.com.br\/blog\/tipos-de-seguro-moto\/\"]}]}]}<\/script>\n<!-- \/ Yoast SEO plugin. -->","_links":{"self":[{"href":"https:\/\/www.premiersecurity.com.br\/blog\/wp-json\/wp\/v2\/pages\/12375"}],"collection":[{"href":"https:\/\/www.premiersecurity.com.br\/blog\/wp-json\/wp\/v2\/pages"}],"about":[{"href":"https:\/\/www.premiersecurity.com.br\/blog\/wp-json\/wp\/v2\/types\/page"}],"author":[{"embeddable":true,"href":"https:\/\/www.premiersecurity.com.br\/blog\/wp-json\/wp\/v2\/users\/1"}],"replies":[{"embeddable":true,"href":"https:\/\/www.premiersecurity.com.br\/blog\/wp-json\/wp\/v2\/comments?post=12375"}],"version-history":[{"count":13,"href":"https:\/\/www.premiersecurity.com.br\/blog\/wp-json\/wp\/v2\/pages\/12375\/revisions"}],"predecessor-version":[{"id":12429,"href":"https:\/\/www.premiersecurity.com.br\/blog\/wp-json\/wp\/v2\/pages\/12375\/revisions\/12429"}],"wp:attachment":[{"href":"https:\/\/www.premiersecurity.com.br\/blog\/wp-json\/wp\/v2\/media?parent=12375"}],"curies":[{"name":"wp","href":"https:\/\/api.w.org\/{rel}","templated":true}]}}